{"id":9,"date":"2022-03-13T08:40:38","date_gmt":"2022-03-13T08:40:38","guid":{"rendered":"https:\/\/jan-jaek.de\/?page_id=9"},"modified":"2022-09-29T17:34:43","modified_gmt":"2022-09-29T17:34:43","slug":"startseite","status":"publish","type":"page","link":"https:\/\/www.ferienwohnung-worms.de\/","title":{"rendered":"Startseite"},"content":{"rendered":"\t\t<div data-elementor-type=\"wp-page\" data-elementor-id=\"9\" class=\"elementor elementor-9\">\n\t\t\t\t\t\t<section class=\"elementor-section elementor-top-section elementor-element elementor-element-bbc0b1f elementor-section-boxed elementor-section-height-default elementor-section-height-default\" data-id=\"bbc0b1f\" data-element_type=\"section\" data-e-type=\"section\">\n\t\t\t\t\t\t<div class=\"elementor-container elementor-column-gap-default\">\n\t\t\t\t\t<div class=\"elementor-column elementor-col-100 elementor-top-column elementor-element elementor-element-386b294\" data-id=\"386b294\" data-element_type=\"column\" data-e-type=\"column\">\n\t\t\t<div class=\"elementor-widget-wrap elementor-element-populated\">\n\t\t\t\t\t\t<div class=\"elementor-element elementor-element-312a9c6 elementor-widget-divider--view-line elementor-widget elementor-widget-divider\" data-id=\"312a9c6\" data-element_type=\"widget\" data-e-type=\"widget\" data-widget_type=\"divider.default\">\n\t\t\t\t<div class=\"elementor-widget-container\">\n\t\t\t\t\t\t\t<div class=\"elementor-divider\">\n\t\t\t<span class=\"elementor-divider-separator\">\n\t\t\t\t\t\t<\/span>\n\t\t<\/div>\n\t\t\t\t\t\t<\/div>\n\t\t\t\t<\/div>\n\t\t\t\t\t<\/div>\n\t\t<\/div>\n\t\t\t\t\t<\/div>\n\t\t<\/section>\n\t\t\t\t<section class=\"elementor-section elementor-top-section elementor-element elementor-element-37c3f58 elementor-section-full_width elementor-section-stretched elementor-section-height-default elementor-section-height-default\" data-id=\"37c3f58\" data-element_type=\"section\" data-e-type=\"section\" data-settings=\"{&quot;stretch_section&quot;:&quot;section-stretched&quot;,&quot;background_background&quot;:&quot;slideshow&quot;,&quot;background_slideshow_slide_transition&quot;:&quot;slide_right&quot;,&quot;background_slideshow_gallery&quot;:[],&quot;background_slideshow_loop&quot;:&quot;yes&quot;,&quot;background_slideshow_slide_duration&quot;:5000,&quot;background_slideshow_transition_duration&quot;:500}\">\n\t\t\t\t\t\t<div class=\"elementor-container elementor-column-gap-default\">\n\t\t\t\t\t<div class=\"elementor-column elementor-col-100 elementor-top-column elementor-element elementor-element-2e998dc\" data-id=\"2e998dc\" data-element_type=\"column\" data-e-type=\"column\">\n\t\t\t<div class=\"elementor-widget-wrap elementor-element-populated\">\n\t\t\t\t\t\t<div class=\"elementor-element elementor-element-beb7837 animated-slow elementor-invisible elementor-widget elementor-widget-heading\" data-id=\"beb7837\" data-element_type=\"widget\" data-e-type=\"widget\" data-settings=\"{&quot;_animation&quot;:&quot;fadeInRight&quot;}\" data-widget_type=\"heading.default\">\n\t\t\t\t<div class=\"elementor-widget-container\">\n\t\t\t\t\t<h3 class=\"elementor-heading-title elementor-size-default\">Jetzt mit Ladestation (Wallbox) f\u00fcr E-Autos (kostenpflichtig)<\/h3>\t\t\t\t<\/div>\n\t\t\t\t<\/div>\n\t\t\t\t\t<\/div>\n\t\t<\/div>\n\t\t\t\t\t<\/div>\n\t\t<\/section>\n\t\t\t\t<section class=\"elementor-section elementor-top-section elementor-element elementor-element-0453036 elementor-section-boxed elementor-section-height-default elementor-section-height-default\" data-id=\"0453036\" data-element_type=\"section\" data-e-type=\"section\">\n\t\t\t\t\t\t<div class=\"elementor-container elementor-column-gap-default\">\n\t\t\t\t\t<div class=\"elementor-column elementor-col-100 elementor-top-column elementor-element elementor-element-ffb9901\" data-id=\"ffb9901\" data-element_type=\"column\" data-e-type=\"column\">\n\t\t\t<div class=\"elementor-widget-wrap elementor-element-populated\">\n\t\t\t\t\t\t<div class=\"elementor-element elementor-element-839792c elementor-widget-divider--view-line elementor-widget elementor-widget-divider\" data-id=\"839792c\" data-element_type=\"widget\" data-e-type=\"widget\" data-widget_type=\"divider.default\">\n\t\t\t\t<div class=\"elementor-widget-container\">\n\t\t\t\t\t\t\t<div class=\"elementor-divider\">\n\t\t\t<span class=\"elementor-divider-separator\">\n\t\t\t\t\t\t<\/span>\n\t\t<\/div>\n\t\t\t\t\t\t<\/div>\n\t\t\t\t<\/div>\n\t\t\t\t\t<\/div>\n\t\t<\/div>\n\t\t\t\t\t<\/div>\n\t\t<\/section>\n\t\t\t\t<section class=\"elementor-section elementor-top-section elementor-element elementor-element-ad8649d elementor-section-stretched elementor-section-boxed elementor-section-height-default elementor-section-height-default\" data-id=\"ad8649d\" data-element_type=\"section\" data-e-type=\"section\" data-settings=\"{&quot;stretch_section&quot;:&quot;section-stretched&quot;}\">\n\t\t\t\t\t\t<div class=\"elementor-container elementor-column-gap-default\">\n\t\t\t\t\t<div class=\"elementor-column elementor-col-50 elementor-top-column elementor-element elementor-element-953d5b2\" data-id=\"953d5b2\" data-element_type=\"column\" data-e-type=\"column\">\n\t\t\t<div class=\"elementor-widget-wrap elementor-element-populated\">\n\t\t\t\t\t\t<div class=\"elementor-element elementor-element-ec7a7d3 elementor-widget elementor-widget-image\" data-id=\"ec7a7d3\" data-element_type=\"widget\" data-e-type=\"widget\" data-widget_type=\"image.default\">\n\t\t\t\t<div class=\"elementor-widget-container\">\n\t\t\t\t\t\t\t\t\t\t\t\t\t\t\t<img fetchpriority=\"high\" decoding=\"async\" width=\"320\" height=\"337\" src=\"https:\/\/www.ferienwohnung-worms.de\/wp-content\/uploads\/2022\/03\/Bild1.jpg\" class=\"attachment-large size-large wp-image-38\" alt=\"\" srcset=\"https:\/\/www.ferienwohnung-worms.de\/wp-content\/uploads\/2022\/03\/Bild1.jpg 320w, https:\/\/www.ferienwohnung-worms.de\/wp-content\/uploads\/2022\/03\/Bild1-285x300.jpg 285w\" sizes=\"(max-width: 320px) 100vw, 320px\" \/>\t\t\t\t\t\t\t\t\t\t\t\t\t\t\t<\/div>\n\t\t\t\t<\/div>\n\t\t\t\t\t<\/div>\n\t\t<\/div>\n\t\t\t\t<div class=\"elementor-column elementor-col-50 elementor-top-column elementor-element elementor-element-da39e9c\" data-id=\"da39e9c\" data-element_type=\"column\" data-e-type=\"column\">\n\t\t\t<div class=\"elementor-widget-wrap elementor-element-populated\">\n\t\t\t\t\t\t<div class=\"elementor-element elementor-element-6935444 elementor-widget elementor-widget-text-editor\" data-id=\"6935444\" data-element_type=\"widget\" data-e-type=\"widget\" data-widget_type=\"text-editor.default\">\n\t\t\t\t<div class=\"elementor-widget-container\">\n\t\t\t\t\t\t\t\t\t<p>Sie suchen f\u00fcr ihren Aufenthalt in Worms eine preiswerte und trotzdem komfortable Unterkunft?<br \/>Dann sind Sie bei uns\u00a0<span style=\"color: #b22222;\">genau richtig!<\/span><br \/>Ihre Ferienwohnung f\u00fcr Ihren n\u00e4chsten Aufenthalt, k\u00f6nnen Sie direkt gleich bei uns hier\u00a0<a href=\"https:\/\/www.ferienwohnung-worms.de\/index.php\/reservierung\/\"><span style=\"color: #b22222;\">Online<\/span><\/a>\u00a0buchen.<br \/>Die Wohnungen befinden sich in der\u00a0<span style=\"color: #b22222;\">Gro\u00dfen Fischerweide 44<\/span>, die im Herzen von Worms liegt.<br \/>Daher erreichen sie sowohl das Stadtzentrum mit seinen vielen Sehensw\u00fcrdigkeiten als auch die Rheinpromenade mit ihrem besonderen Flair, in nur 5 Minuten zu Fu\u00df.<\/p>\t\t\t\t\t\t\t\t<\/div>\n\t\t\t\t<\/div>\n\t\t\t\t\t<\/div>\n\t\t<\/div>\n\t\t\t\t\t<\/div>\n\t\t<\/section>\n\t\t\t\t<\/div>\n\t\t","protected":false},"excerpt":{"rendered":"<p>Jetzt mit Ladestation (Wallbox) f\u00fcr E-Autos (kostenpflichtig) Sie suchen f\u00fcr ihren Aufenthalt in Worms eine preiswerte und trotzdem komfortable Unterkunft?Dann sind Sie bei uns\u00a0genau richtig!Ihre Ferienwohnung f\u00fcr Ihren n\u00e4chsten Aufenthalt, k\u00f6nnen Sie direkt gleich bei uns hier\u00a0Online\u00a0buchen.Die Wohnungen befinden sich in der\u00a0Gro\u00dfen Fischerweide 44, die im Herzen von Worms liegt.Daher erreichen sie sowohl das Stadtzentrum &hellip; <a href=\"https:\/\/www.ferienwohnung-worms.de\/\" class=\"more-link\"><span class=\"screen-reader-text\">Startseite<\/span> weiterlesen <span class=\"meta-nav\">&rarr;<\/span><\/a><\/p>\n","protected":false},"author":1,"featured_media":0,"parent":0,"menu_order":0,"comment_status":"closed","ping_status":"closed","template":"","meta":{"footnotes":""},"class_list":["post-9","page","type-page","status-publish","hentry"],"_links":{"self":[{"href":"https:\/\/www.ferienwohnung-worms.de\/index.php\/wp-json\/wp\/v2\/pages\/9","targetHints":{"allow":["GET"]}}],"collection":[{"href":"https:\/\/www.ferienwohnung-worms.de\/index.php\/wp-json\/wp\/v2\/pages"}],"about":[{"href":"https:\/\/www.ferienwohnung-worms.de\/index.php\/wp-json\/wp\/v2\/types\/page"}],"author":[{"embeddable":true,"href":"https:\/\/www.ferienwohnung-worms.de\/index.php\/wp-json\/wp\/v2\/users\/1"}],"replies":[{"embeddable":true,"href":"https:\/\/www.ferienwohnung-worms.de\/index.php\/wp-json\/wp\/v2\/comments?post=9"}],"version-history":[{"count":46,"href":"https:\/\/www.ferienwohnung-worms.de\/index.php\/wp-json\/wp\/v2\/pages\/9\/revisions"}],"predecessor-version":[{"id":216,"href":"https:\/\/www.ferienwohnung-worms.de\/index.php\/wp-json\/wp\/v2\/pages\/9\/revisions\/216"}],"wp:attachment":[{"href":"https:\/\/www.ferienwohnung-worms.de\/index.php\/wp-json\/wp\/v2\/media?parent=9"}],"curies":[{"name":"wp","href":"https:\/\/api.w.org\/{rel}","templated":true}]}}