{"id":14,"date":"2022-03-13T08:45:05","date_gmt":"2022-03-13T08:45:05","guid":{"rendered":"https:\/\/jan-jaek.de\/?page_id=14"},"modified":"2023-04-26T17:52:38","modified_gmt":"2023-04-26T17:52:38","slug":"wohnung-b","status":"publish","type":"page","link":"https:\/\/www.ferienwohnung-worms.de\/index.php\/wohnung-b\/","title":{"rendered":"Wohnung B"},"content":{"rendered":"\t\t<div data-elementor-type=\"wp-page\" data-elementor-id=\"14\" class=\"elementor elementor-14\">\n\t\t\t\t\t\t<section class=\"elementor-section elementor-top-section elementor-element elementor-element-660ed14 elementor-section-stretched elementor-section-boxed elementor-section-height-default elementor-section-height-default\" data-id=\"660ed14\" data-element_type=\"section\" data-e-type=\"section\" data-settings=\"{&quot;stretch_section&quot;:&quot;section-stretched&quot;}\">\n\t\t\t\t\t\t<div class=\"elementor-container elementor-column-gap-default\">\n\t\t\t\t\t<div class=\"elementor-column elementor-col-100 elementor-top-column elementor-element elementor-element-2f7d1dd\" data-id=\"2f7d1dd\" data-element_type=\"column\" data-e-type=\"column\">\n\t\t\t<div class=\"elementor-widget-wrap elementor-element-populated\">\n\t\t\t\t\t\t<div class=\"elementor-element elementor-element-34058fb elementor-widget elementor-widget-text-editor\" data-id=\"34058fb\" data-element_type=\"widget\" data-e-type=\"widget\" data-widget_type=\"text-editor.default\">\n\t\t\t\t<div class=\"elementor-widget-container\">\n\t\t\t\t\t\t\t\t\t<div id=\"text01\"><strong>Wohnung B<span style=\"color: #ff0000;\"><br \/><\/span><\/strong><\/div><div id=\"text06\"><p>Die Ferienwohnung (40 qm, Erdgeschoss) ist voll ausgestattet, Wohn-Schlafraum, Einbauk\u00fcche mit allen K\u00fcchenutensilien, Dusche und separatem WC (in der Wohnung), Doppelbett und Schlafsofa.<\/p><p>Wir bieten :<br \/>Kostenlose Parkpl\u00e4tze direkt beim Haus,\u00a0<span style=\"color: #ff0000;\">Kostenloses Internet<b><\/b><\/span>, Sitzgelegenheit im Hof, Handt\u00fccher und Bettw\u00e4sche.<\/p><p>Die Ferienwohnung ist f\u00fcr bis zu\u00a0drei Personen\u00a0geeignet.<\/p><\/div>\t\t\t\t\t\t\t\t<\/div>\n\t\t\t\t<\/div>\n\t\t\t\t\t<\/div>\n\t\t<\/div>\n\t\t\t\t\t<\/div>\n\t\t<\/section>\n\t\t\t\t<section class=\"elementor-section elementor-top-section elementor-element elementor-element-cc2dc11 elementor-section-boxed elementor-section-height-default elementor-section-height-default\" data-id=\"cc2dc11\" data-element_type=\"section\" data-e-type=\"section\">\n\t\t\t\t\t\t<div class=\"elementor-container elementor-column-gap-default\">\n\t\t\t\t\t<div class=\"elementor-column elementor-col-100 elementor-top-column elementor-element elementor-element-9109c8f\" data-id=\"9109c8f\" data-element_type=\"column\" data-e-type=\"column\">\n\t\t\t<div class=\"elementor-widget-wrap elementor-element-populated\">\n\t\t\t\t\t\t<div class=\"elementor-element elementor-element-208d5d3 elementor-widget-divider--view-line elementor-widget elementor-widget-divider\" data-id=\"208d5d3\" data-element_type=\"widget\" data-e-type=\"widget\" data-widget_type=\"divider.default\">\n\t\t\t\t<div class=\"elementor-widget-container\">\n\t\t\t\t\t\t\t<div class=\"elementor-divider\">\n\t\t\t<span class=\"elementor-divider-separator\">\n\t\t\t\t\t\t<\/span>\n\t\t<\/div>\n\t\t\t\t\t\t<\/div>\n\t\t\t\t<\/div>\n\t\t\t\t\t<\/div>\n\t\t<\/div>\n\t\t\t\t\t<\/div>\n\t\t<\/section>\n\t\t\t\t<section class=\"elementor-section elementor-top-section elementor-element elementor-element-05716c7 elementor-section-stretched elementor-section-boxed elementor-section-height-default elementor-section-height-default\" data-id=\"05716c7\" data-element_type=\"section\" data-e-type=\"section\" data-settings=\"{&quot;stretch_section&quot;:&quot;section-stretched&quot;}\">\n\t\t\t\t\t\t<div class=\"elementor-container elementor-column-gap-default\">\n\t\t\t\t\t<div class=\"elementor-column elementor-col-100 elementor-top-column elementor-element elementor-element-c22b014\" data-id=\"c22b014\" data-element_type=\"column\" data-e-type=\"column\">\n\t\t\t<div class=\"elementor-widget-wrap elementor-element-populated\">\n\t\t\t\t\t\t<section class=\"elementor-section elementor-inner-section elementor-element elementor-element-bd3a4a0 elementor-section-boxed elementor-section-height-default elementor-section-height-default\" data-id=\"bd3a4a0\" data-element_type=\"section\" data-e-type=\"section\">\n\t\t\t\t\t\t<div class=\"elementor-container elementor-column-gap-default\">\n\t\t\t\t\t<div class=\"elementor-column elementor-col-33 elementor-inner-column elementor-element elementor-element-a6598fb\" data-id=\"a6598fb\" data-element_type=\"column\" data-e-type=\"column\">\n\t\t\t<div class=\"elementor-widget-wrap elementor-element-populated\">\n\t\t\t\t\t\t<div class=\"elementor-element elementor-element-62de69f elementor-widget elementor-widget-image\" data-id=\"62de69f\" data-element_type=\"widget\" data-e-type=\"widget\" data-widget_type=\"image.default\">\n\t\t\t\t<div class=\"elementor-widget-container\">\n\t\t\t\t\t\t\t\t\t\t\t\t\t\t\t<img fetchpriority=\"high\" decoding=\"async\" width=\"604\" height=\"805\" src=\"https:\/\/www.ferienwohnung-worms.de\/wp-content\/uploads\/2023\/04\/IMG_4333-768x1024.jpg\" class=\"attachment-large size-large wp-image-223\" alt=\"\" srcset=\"https:\/\/www.ferienwohnung-worms.de\/wp-content\/uploads\/2023\/04\/IMG_4333-768x1024.jpg 768w, https:\/\/www.ferienwohnung-worms.de\/wp-content\/uploads\/2023\/04\/IMG_4333-225x300.jpg 225w, https:\/\/www.ferienwohnung-worms.de\/wp-content\/uploads\/2023\/04\/IMG_4333-1152x1536.jpg 1152w, https:\/\/www.ferienwohnung-worms.de\/wp-content\/uploads\/2023\/04\/IMG_4333-1536x2048.jpg 1536w, https:\/\/www.ferienwohnung-worms.de\/wp-content\/uploads\/2023\/04\/IMG_4333-scaled.jpg 1920w\" sizes=\"(max-width: 604px) 100vw, 604px\" \/>\t\t\t\t\t\t\t\t\t\t\t\t\t\t\t<\/div>\n\t\t\t\t<\/div>\n\t\t\t\t\t<\/div>\n\t\t<\/div>\n\t\t\t\t<div class=\"elementor-column elementor-col-33 elementor-inner-column elementor-element elementor-element-714634d\" data-id=\"714634d\" data-element_type=\"column\" data-e-type=\"column\">\n\t\t\t<div class=\"elementor-widget-wrap elementor-element-populated\">\n\t\t\t\t\t\t<div class=\"elementor-element elementor-element-f53c445 elementor-widget elementor-widget-text-editor\" data-id=\"f53c445\" data-element_type=\"widget\" data-e-type=\"widget\" data-widget_type=\"text-editor.default\">\n\t\t\t\t<div class=\"elementor-widget-container\">\n\t\t\t\t\t\t\t\t\t<p><span style=\"text-decoration: underline;\"><strong>Das Schlaf-\/Wohnzimmer<\/strong><\/span><\/p><p>Das Schlaf-\/Wohnzimmer bietet ausreichend Platz f\u00fcr drei Personen.<\/p>\t\t\t\t\t\t\t\t<\/div>\n\t\t\t\t<\/div>\n\t\t\t\t\t<\/div>\n\t\t<\/div>\n\t\t\t\t<div class=\"elementor-column elementor-col-33 elementor-inner-column elementor-element elementor-element-bf8caad\" data-id=\"bf8caad\" data-element_type=\"column\" data-e-type=\"column\">\n\t\t\t<div class=\"elementor-widget-wrap elementor-element-populated\">\n\t\t\t\t\t\t<div class=\"elementor-element elementor-element-7cc853b elementor-widget elementor-widget-image\" data-id=\"7cc853b\" data-element_type=\"widget\" data-e-type=\"widget\" data-widget_type=\"image.default\">\n\t\t\t\t<div class=\"elementor-widget-container\">\n\t\t\t\t\t\t\t\t\t\t\t\t\t\t\t<img decoding=\"async\" width=\"604\" height=\"805\" src=\"https:\/\/www.ferienwohnung-worms.de\/wp-content\/uploads\/2023\/04\/IMG_4335-768x1024.jpg\" class=\"attachment-large size-large wp-image-224\" alt=\"\" srcset=\"https:\/\/www.ferienwohnung-worms.de\/wp-content\/uploads\/2023\/04\/IMG_4335-768x1024.jpg 768w, https:\/\/www.ferienwohnung-worms.de\/wp-content\/uploads\/2023\/04\/IMG_4335-225x300.jpg 225w, https:\/\/www.ferienwohnung-worms.de\/wp-content\/uploads\/2023\/04\/IMG_4335-1152x1536.jpg 1152w, https:\/\/www.ferienwohnung-worms.de\/wp-content\/uploads\/2023\/04\/IMG_4335-1536x2048.jpg 1536w, https:\/\/www.ferienwohnung-worms.de\/wp-content\/uploads\/2023\/04\/IMG_4335-scaled.jpg 1920w\" sizes=\"(max-width: 604px) 100vw, 604px\" \/>\t\t\t\t\t\t\t\t\t\t\t\t\t\t\t<\/div>\n\t\t\t\t<\/div>\n\t\t\t\t\t<\/div>\n\t\t<\/div>\n\t\t\t\t\t<\/div>\n\t\t<\/section>\n\t\t\t\t\t<\/div>\n\t\t<\/div>\n\t\t\t\t\t<\/div>\n\t\t<\/section>\n\t\t\t\t<section class=\"elementor-section elementor-top-section elementor-element elementor-element-bc81c35 elementor-section-boxed elementor-section-height-default elementor-section-height-default\" data-id=\"bc81c35\" data-element_type=\"section\" data-e-type=\"section\">\n\t\t\t\t\t\t<div class=\"elementor-container elementor-column-gap-default\">\n\t\t\t\t\t<div class=\"elementor-column elementor-col-100 elementor-top-column elementor-element elementor-element-a8c7fdc\" data-id=\"a8c7fdc\" data-element_type=\"column\" data-e-type=\"column\">\n\t\t\t<div class=\"elementor-widget-wrap elementor-element-populated\">\n\t\t\t\t\t\t<div class=\"elementor-element elementor-element-a633be8 elementor-widget-divider--view-line elementor-widget elementor-widget-divider\" data-id=\"a633be8\" data-element_type=\"widget\" data-e-type=\"widget\" data-widget_type=\"divider.default\">\n\t\t\t\t<div class=\"elementor-widget-container\">\n\t\t\t\t\t\t\t<div class=\"elementor-divider\">\n\t\t\t<span class=\"elementor-divider-separator\">\n\t\t\t\t\t\t<\/span>\n\t\t<\/div>\n\t\t\t\t\t\t<\/div>\n\t\t\t\t<\/div>\n\t\t\t\t\t<\/div>\n\t\t<\/div>\n\t\t\t\t\t<\/div>\n\t\t<\/section>\n\t\t\t\t<section class=\"elementor-section elementor-top-section elementor-element elementor-element-58d54b4 elementor-section-stretched elementor-section-boxed elementor-section-height-default elementor-section-height-default\" data-id=\"58d54b4\" data-element_type=\"section\" data-e-type=\"section\" data-settings=\"{&quot;stretch_section&quot;:&quot;section-stretched&quot;}\">\n\t\t\t\t\t\t<div class=\"elementor-container elementor-column-gap-default\">\n\t\t\t\t\t<div class=\"elementor-column elementor-col-100 elementor-top-column elementor-element elementor-element-e789963\" data-id=\"e789963\" data-element_type=\"column\" data-e-type=\"column\">\n\t\t\t<div class=\"elementor-widget-wrap elementor-element-populated\">\n\t\t\t\t\t\t<section class=\"elementor-section elementor-inner-section elementor-element elementor-element-82a35ba elementor-section-boxed elementor-section-height-default elementor-section-height-default\" data-id=\"82a35ba\" data-element_type=\"section\" data-e-type=\"section\">\n\t\t\t\t\t\t<div class=\"elementor-container elementor-column-gap-default\">\n\t\t\t\t\t<div class=\"elementor-column elementor-col-50 elementor-inner-column elementor-element elementor-element-2abdb05\" data-id=\"2abdb05\" data-element_type=\"column\" data-e-type=\"column\">\n\t\t\t<div class=\"elementor-widget-wrap elementor-element-populated\">\n\t\t\t\t\t\t<div class=\"elementor-element elementor-element-6e98a9e elementor-widget elementor-widget-image\" data-id=\"6e98a9e\" data-element_type=\"widget\" data-e-type=\"widget\" data-widget_type=\"image.default\">\n\t\t\t\t<div class=\"elementor-widget-container\">\n\t\t\t\t\t\t\t\t\t\t\t\t\t\t\t<img decoding=\"async\" width=\"604\" height=\"805\" src=\"https:\/\/www.ferienwohnung-worms.de\/wp-content\/uploads\/2023\/04\/IMG_4330-768x1024.jpg\" class=\"attachment-large size-large wp-image-225\" alt=\"\" srcset=\"https:\/\/www.ferienwohnung-worms.de\/wp-content\/uploads\/2023\/04\/IMG_4330-768x1024.jpg 768w, https:\/\/www.ferienwohnung-worms.de\/wp-content\/uploads\/2023\/04\/IMG_4330-225x300.jpg 225w, https:\/\/www.ferienwohnung-worms.de\/wp-content\/uploads\/2023\/04\/IMG_4330-1152x1536.jpg 1152w, https:\/\/www.ferienwohnung-worms.de\/wp-content\/uploads\/2023\/04\/IMG_4330-1536x2048.jpg 1536w, https:\/\/www.ferienwohnung-worms.de\/wp-content\/uploads\/2023\/04\/IMG_4330-scaled.jpg 1920w\" sizes=\"(max-width: 604px) 100vw, 604px\" \/>\t\t\t\t\t\t\t\t\t\t\t\t\t\t\t<\/div>\n\t\t\t\t<\/div>\n\t\t\t\t\t<\/div>\n\t\t<\/div>\n\t\t\t\t<div class=\"elementor-column elementor-col-50 elementor-inner-column elementor-element elementor-element-24a9c91\" data-id=\"24a9c91\" data-element_type=\"column\" data-e-type=\"column\">\n\t\t\t<div class=\"elementor-widget-wrap elementor-element-populated\">\n\t\t\t\t\t\t<div class=\"elementor-element elementor-element-7cd1619 elementor-widget elementor-widget-text-editor\" data-id=\"7cd1619\" data-element_type=\"widget\" data-e-type=\"widget\" data-widget_type=\"text-editor.default\">\n\t\t\t\t<div class=\"elementor-widget-container\">\n\t\t\t\t\t\t\t\t\t<p><span style=\"text-decoration: underline;\"><strong>Die K\u00fcche<\/strong><\/span><\/p><p>Die K\u00fcche ist nach modernen Ma\u00dfst\u00e4ben eingerichtet.<\/p><p>Alle wichtigen K\u00fcchenutensilien sind vorhanden.<\/p><p><strong>Vollst\u00e4ndiger Herd mit Backofen, Mikrowelle, Kaffeemaschine, <\/strong><\/p><p><strong>Wasserkocher und Toaster sind selbstverst\u00e4nlich in der K\u00fcche vorhanden.<\/strong><\/p>\t\t\t\t\t\t\t\t<\/div>\n\t\t\t\t<\/div>\n\t\t\t\t\t<\/div>\n\t\t<\/div>\n\t\t\t\t\t<\/div>\n\t\t<\/section>\n\t\t\t\t\t<\/div>\n\t\t<\/div>\n\t\t\t\t\t<\/div>\n\t\t<\/section>\n\t\t\t\t<section class=\"elementor-section elementor-top-section elementor-element elementor-element-c8079c3 elementor-section-boxed elementor-section-height-default elementor-section-height-default\" data-id=\"c8079c3\" data-element_type=\"section\" data-e-type=\"section\">\n\t\t\t\t\t\t<div class=\"elementor-container elementor-column-gap-default\">\n\t\t\t\t\t<div class=\"elementor-column elementor-col-100 elementor-top-column elementor-element elementor-element-d43ea8c\" data-id=\"d43ea8c\" data-element_type=\"column\" data-e-type=\"column\">\n\t\t\t<div class=\"elementor-widget-wrap elementor-element-populated\">\n\t\t\t\t\t\t<div class=\"elementor-element elementor-element-fa50366 elementor-widget-divider--view-line elementor-widget elementor-widget-divider\" data-id=\"fa50366\" data-element_type=\"widget\" data-e-type=\"widget\" data-widget_type=\"divider.default\">\n\t\t\t\t<div class=\"elementor-widget-container\">\n\t\t\t\t\t\t\t<div class=\"elementor-divider\">\n\t\t\t<span class=\"elementor-divider-separator\">\n\t\t\t\t\t\t<\/span>\n\t\t<\/div>\n\t\t\t\t\t\t<\/div>\n\t\t\t\t<\/div>\n\t\t\t\t\t<\/div>\n\t\t<\/div>\n\t\t\t\t\t<\/div>\n\t\t<\/section>\n\t\t\t\t<section class=\"elementor-section elementor-top-section elementor-element elementor-element-5a46b83 elementor-section-stretched elementor-section-boxed elementor-section-height-default elementor-section-height-default\" data-id=\"5a46b83\" data-element_type=\"section\" data-e-type=\"section\" data-settings=\"{&quot;stretch_section&quot;:&quot;section-stretched&quot;}\">\n\t\t\t\t\t\t<div class=\"elementor-container elementor-column-gap-default\">\n\t\t\t\t\t<div class=\"elementor-column elementor-col-100 elementor-top-column elementor-element elementor-element-c4b78ec\" data-id=\"c4b78ec\" data-element_type=\"column\" data-e-type=\"column\">\n\t\t\t<div class=\"elementor-widget-wrap elementor-element-populated\">\n\t\t\t\t\t\t<section class=\"elementor-section elementor-inner-section elementor-element elementor-element-3ef1e53 elementor-section-boxed elementor-section-height-default elementor-section-height-default\" data-id=\"3ef1e53\" data-element_type=\"section\" data-e-type=\"section\">\n\t\t\t\t\t\t<div class=\"elementor-container elementor-column-gap-default\">\n\t\t\t\t\t<div class=\"elementor-column elementor-col-50 elementor-inner-column elementor-element elementor-element-3f996fd\" data-id=\"3f996fd\" data-element_type=\"column\" data-e-type=\"column\">\n\t\t\t<div class=\"elementor-widget-wrap elementor-element-populated\">\n\t\t\t\t\t\t<div class=\"elementor-element elementor-element-a0987ae elementor-widget elementor-widget-text-editor\" data-id=\"a0987ae\" data-element_type=\"widget\" data-e-type=\"widget\" data-widget_type=\"text-editor.default\">\n\t\t\t\t<div class=\"elementor-widget-container\">\n\t\t\t\t\t\t\t\t\t<p><span style=\"text-decoration: underline;\"><strong>Das Badezimmer<\/strong><\/span><\/p><p>Das Badezimmer mit Dusche. Das WC ist separat in der Wohnung.<\/p>\t\t\t\t\t\t\t\t<\/div>\n\t\t\t\t<\/div>\n\t\t\t\t\t<\/div>\n\t\t<\/div>\n\t\t\t\t<div class=\"elementor-column elementor-col-50 elementor-inner-column elementor-element elementor-element-de620fb\" data-id=\"de620fb\" data-element_type=\"column\" data-e-type=\"column\">\n\t\t\t<div class=\"elementor-widget-wrap elementor-element-populated\">\n\t\t\t\t\t\t<div class=\"elementor-element elementor-element-f832165 elementor-widget elementor-widget-image\" data-id=\"f832165\" data-element_type=\"widget\" data-e-type=\"widget\" data-widget_type=\"image.default\">\n\t\t\t\t<div class=\"elementor-widget-container\">\n\t\t\t\t\t\t\t\t\t\t\t\t\t\t\t<img loading=\"lazy\" decoding=\"async\" width=\"604\" height=\"805\" src=\"https:\/\/www.ferienwohnung-worms.de\/wp-content\/uploads\/2023\/04\/IMG_4337-768x1024.jpg\" class=\"attachment-medium_large size-medium_large wp-image-226\" alt=\"\" srcset=\"https:\/\/www.ferienwohnung-worms.de\/wp-content\/uploads\/2023\/04\/IMG_4337-768x1024.jpg 768w, https:\/\/www.ferienwohnung-worms.de\/wp-content\/uploads\/2023\/04\/IMG_4337-225x300.jpg 225w, https:\/\/www.ferienwohnung-worms.de\/wp-content\/uploads\/2023\/04\/IMG_4337-1152x1536.jpg 1152w, https:\/\/www.ferienwohnung-worms.de\/wp-content\/uploads\/2023\/04\/IMG_4337-1536x2048.jpg 1536w, https:\/\/www.ferienwohnung-worms.de\/wp-content\/uploads\/2023\/04\/IMG_4337-scaled.jpg 1920w\" sizes=\"(max-width: 604px) 100vw, 604px\" \/>\t\t\t\t\t\t\t\t\t\t\t\t\t\t\t<\/div>\n\t\t\t\t<\/div>\n\t\t\t\t\t<\/div>\n\t\t<\/div>\n\t\t\t\t\t<\/div>\n\t\t<\/section>\n\t\t\t\t\t<\/div>\n\t\t<\/div>\n\t\t\t\t\t<\/div>\n\t\t<\/section>\n\t\t\t\t<\/div>\n\t\t","protected":false},"excerpt":{"rendered":"<p>Wohnung B Die Ferienwohnung (40 qm, Erdgeschoss) ist voll ausgestattet, Wohn-Schlafraum, Einbauk\u00fcche mit allen K\u00fcchenutensilien, Dusche und separatem WC (in der Wohnung), Doppelbett und Schlafsofa. Wir bieten :Kostenlose Parkpl\u00e4tze direkt beim Haus,\u00a0Kostenloses Internet, Sitzgelegenheit im Hof, Handt\u00fccher und Bettw\u00e4sche. Die Ferienwohnung ist f\u00fcr bis zu\u00a0drei Personen\u00a0geeignet. Das Schlaf-\/Wohnzimmer Das Schlaf-\/Wohnzimmer bietet ausreichend Platz f\u00fcr drei &hellip; <a href=\"https:\/\/www.ferienwohnung-worms.de\/index.php\/wohnung-b\/\" class=\"more-link\"><span class=\"screen-reader-text\">Wohnung B<\/span> weiterlesen <span class=\"meta-nav\">&rarr;<\/span><\/a><\/p>\n","protected":false},"author":1,"featured_media":0,"parent":0,"menu_order":0,"comment_status":"closed","ping_status":"closed","template":"","meta":{"footnotes":""},"class_list":["post-14","page","type-page","status-publish","hentry"],"_links":{"self":[{"href":"https:\/\/www.ferienwohnung-worms.de\/index.php\/wp-json\/wp\/v2\/pages\/14","targetHints":{"allow":["GET"]}}],"collection":[{"href":"https:\/\/www.ferienwohnung-worms.de\/index.php\/wp-json\/wp\/v2\/pages"}],"about":[{"href":"https:\/\/www.ferienwohnung-worms.de\/index.php\/wp-json\/wp\/v2\/types\/page"}],"author":[{"embeddable":true,"href":"https:\/\/www.ferienwohnung-worms.de\/index.php\/wp-json\/wp\/v2\/users\/1"}],"replies":[{"embeddable":true,"href":"https:\/\/www.ferienwohnung-worms.de\/index.php\/wp-json\/wp\/v2\/comments?post=14"}],"version-history":[{"count":13,"href":"https:\/\/www.ferienwohnung-worms.de\/index.php\/wp-json\/wp\/v2\/pages\/14\/revisions"}],"predecessor-version":[{"id":233,"href":"https:\/\/www.ferienwohnung-worms.de\/index.php\/wp-json\/wp\/v2\/pages\/14\/revisions\/233"}],"wp:attachment":[{"href":"https:\/\/www.ferienwohnung-worms.de\/index.php\/wp-json\/wp\/v2\/media?parent=14"}],"curies":[{"name":"wp","href":"https:\/\/api.w.org\/{rel}","templated":true}]}}